{"id":29,"date":"2019-06-04T15:04:58","date_gmt":"2019-06-04T15:04:58","guid":{"rendered":"http:\/\/spc.udec.cl\/?page_id=29"},"modified":"2023-10-19T14:37:18","modified_gmt":"2023-10-19T14:37:18","slug":"datos","status":"publish","type":"page","link":"https:\/\/vinculacionbib.udec.cl\/index.php\/datos\/","title":{"rendered":"\u00bfD\u00f3nde se realiza el Seminario?"},"content":{"rendered":"\n<p class=\"has-text-align-center\">La <strong><em>primera jornada<\/em><\/strong> del seminario se realizar\u00e1 en la <strong><em>Biblioteca Central, Luis David Cruz Ocampo,<\/em><\/strong> de la Universidad de Concepci\u00f3n, ubicada en el barrio universitario. <\/p>\n\n\n<div class=\"wp-block-image\">\n<figure class=\"aligncenter size-full\"><img loading=\"lazy\" decoding=\"async\" width=\"700\" height=\"400\" src=\"http:\/\/vinculacionbib.udec.cl\/wp-content\/uploads\/2023\/10\/Diseno-sin-titulo-32.png\" alt=\"\" class=\"wp-image-2567\" srcset=\"https:\/\/vinculacionbib.udec.cl\/wp-content\/uploads\/2023\/10\/Diseno-sin-titulo-32.png 700w, https:\/\/vinculacionbib.udec.cl\/wp-content\/uploads\/2023\/10\/Diseno-sin-titulo-32-300x171.png 300w\" sizes=\"(max-width: 700px) 100vw, 700px\" \/><\/figure><\/div>\n\n\n<p><\/p>\n\n\n\n<div class=\"wp-block-button aligncenter\"><a class=\"wp-block-button__link has-vivid-cyan-blue-background-color has-background no-border-radius wp-element-button\" href=\"https:\/\/www.google.cl\/maps\/dir\/\/Biblioteca+Central+UdeC+%22Luis+David+Cruz+Ocampo%22+Biblioteca+Central+UdeC+%22Luis+David+Cruz+Ocampo%22,+Barrio+Universitario,+Concepci%C3%B3n,+B%C3%ADo+B%C3%ADo\/@-36.8267358,-73.0440846,14z\/data=!4m8!4m7!1m0!1m5!1m1!1s0x9669b42a04e8719d:0x8f03e7511d2e022c!2m2!1d-73.0350275!2d-36.8323224\">MAPA <\/a><\/div>\n\n\n\n<h2 class=\"wp-block-heading\">Restaurantes cercanos a la UdeC<\/h2>\n\n\n\n<ul>\n<li><a rel=\"noreferrer noopener\" href=\"https:\/\/www.google.com\/maps\/dir\/Biblioteca+Central+UdeC+%22Luis+David+Cruz+Ocampo%22,+Barrio+Universitario,+Concepci%C3%B3n\/Edmundo+Larenas+134,+4030000+Concepci%C3%B3n,+B%C3%ADo+B%C3%ADo\/@-36.8310864,-73.0390777,17z\/data=!4m13!4m12!1m5!1m1!1s0x9669b42a04e8719d:0x8f03e7511d2e022c!2m2!1d-73.0350275!2d-36.8323224!1m5!1m1!1s0x9669b5f51b6bbd21:0x50b51bd0fc2489ad!2m2!1d-73.0387552!2d-36.8296402\" target=\"_blank\"><strong>Cibus Restobar<\/strong>,<\/a> Edmundo Larenas 134. A 6 minutos caminando desde Biblioteca Central.<\/li>\n\n\n\n<li><a rel=\"noreferrer noopener\" href=\"https:\/\/www.google.com\/maps\/dir\/Biblioteca+Central+UdeC+%22Luis+David+Cruz+Ocampo%22,+Barrio+Universitario,+Concepci%C3%B3n\/La+Cocina+-+Paicav%C3%AD+246,+Concepci%C3%B3n,+B%C3%ADo+B%C3%ADo\/@-36.8291809,-73.042165,16z\/data=!3m1!4b1!4m14!4m13!1m5!1m1!1s0x9669b42a04e8719d:0x8f03e7511d2e022c!2m2!1d-73.0350275!2d-36.8323224!1m5!1m1!1s0x9669b5d32b172ac7:0xd0a0c990f806cd38!2m2!1d-73.0405159!2d-36.8257074!3e2!11m1!5shttps:%2F%2Fgoogleads.g.doubleclick.net%2Fpagead%2Fconversion%2F%3Fai%3DCgXgvBKeEY9_UJ_n31sQP26qiiAXO2cLBZLih74zdDqibusH1ChABIIq38wZgmbnOgewEoAGS2sHTAsgBCakCxvnKArafEj6oAwHIA8sEqgTHAk_QXdbaFKdd9Hd3nKRnyl4cqEgc-tvtLZdUJRphQEVttO-54JQxH6JVpixiChRwe0dMxx5wbQ5WLA5tRGzWCZ4lX91hNKWivSYWcV_qC1LARnqt_dyw-hBAi6dd9BVkjthIE0RvWqt_3GHSmUzr-8-EVPknf8VHJhWBCqs6iggE5MtcC31-IT-LRrclMC8CVsz1H-FBZ4rbOhpeUz7xkM4Ti3f3wcG71hXgqcJp4kVA7nCyNCcRzJ3ymlqKjnAHtyY7qsGqe9wjawc3j11q_-IRuX199Qjxnrz-5luxELJAkAdqVPamSo3dLa7GpMdBPxJARr8kwaP_Iv7VlAAtc1DynH5pdBlPJR_d2Wxrr11U9ETlM0T37JxAQhrg61ryQ5Nl8VIVOgtm_fhhxM3wQdWEkgprWp8kqgldT38JV0u-l5dbTsmNAsAE8ZGqw94DoAYugAfWpb6sAagHjs4bqAeT2BuoB-6WsQKoB_6esQKoB6SjsQKoB9XJG6gHpr4bqAeaBqgH89EbqAeW2BuoB6qbsQKoB_-esQKoB9-fsQLYBwDSCA8IgGEQARgfMgKKAjoCgECxCWUEChfVAfP7gAoBmAsByAsB4AsBgAwBuAwBohNXCjoIA0ABUggKBhIECAEQAWiOpeGT0gFyIxIhIAIoATgCQOzDhPo0WAFo_v__________AXACgAEBmAEDGhkKF2NhLXB1Yi0yNzQxMTA2MzAwNjg5NTEwuBOIBNgTCtAVAZgWAfgWAYAXAQ%26sigh%3Dd2pBjpRcyb0%26label%3D_AITNAME_%26value%3D_AITVALUE_\" target=\"_blank\"><strong>La Cocina<\/strong>,<\/a> Paicav\u00ed 246. A 14 minutos caminando desde Biblioteca Central.<\/li>\n\n\n\n<li><strong><a href=\"https:\/\/www.google.com\/maps\/dir\/Biblioteca+Central+UdeC+%22Luis+David+Cruz+Ocampo%22,+Barrio+Universitario,+Concepci%C3%B3n\/Borgo%C3%B1on+Restaurante+y+Hotel+Boutique+-+Orompello+55,+4070178+Concepci%C3%B3n,+B%C3%ADo+B%C3%ADo\/@-36.8303732,-73.0411478,17z\/data=!3m1!4b1!4m14!4m13!1m5!1m1!1s0x9669b42a04e8719d:0x8f03e7511d2e022c!2m2!1d-73.0350275!2d-36.8323224!1m5!1m1!1s0x9669b5d4a28adf39:0x6874bf9dc98d5ea!2m2!1d-73.0419631!2d-36.8290505!3e2?hl=es-419\" target=\"_blank\" rel=\"noreferrer noopener\">Borgo\u00f1on Restaurante y Hotel Boutique<\/a><\/strong>, Orompello 55. A 11 minutos caminando.<\/li>\n\n\n\n<li><strong><a rel=\"noreferrer noopener\" href=\"https:\/\/www.google.com\/maps\/dir\/Biblioteca+Central+UdeC+%22Luis+David+Cruz+Ocampo%22,+Barrio+Universitario,+Concepci%C3%B3n\/Restaurant+Feng+-+Tradici%C3%B3n+en+Comida+China+-+Dr.+Wilhelm+37,+4030000+Concepci%C3%B3n,+B%C3%ADo+B%C3%ADo\/@-36.8303732,-73.0413678,17z\/data=!3m1!4b1!4m14!4m13!1m5!1m1!1s0x9669b42a04e8719d:0x8f03e7511d2e022c!2m2!1d-73.0350275!2d-36.8323224!1m5!1m1!1s0x9669b5d4e5cc5945:0x27f6d5b6dd73619e!2m2!1d-73.0424227!2d-36.8306729!3e2?hl=es-419\" target=\"_blank\">Restaurant Feng<\/a><\/strong>, Dr. Wilhelm 37. A 11 minutos caminando. <\/li>\n<\/ul>\n\n\n\n<hr class=\"wp-block-separator has-css-opacity\"\/>\n\n\n\n<p class=\"has-text-align-center\">La <strong><em>segunda jornada<\/em><\/strong> del seminario se llevar\u00e1 a cabo en el <strong><em>Auditorio San Agust\u00edn de la Facultad de Ingenier\u00eda<\/em><\/strong> de la Universidad Cat\u00f3lica de la Sant\u00edsima Concepci\u00f3n.  <\/p>\n\n\n<div class=\"wp-block-image\">\n<figure class=\"aligncenter size-full\"><img loading=\"lazy\" decoding=\"async\" width=\"700\" height=\"400\" src=\"http:\/\/vinculacionbib.udec.cl\/wp-content\/uploads\/2023\/10\/Diseno-sin-titulo-34.png\" alt=\"\" class=\"wp-image-2602\" srcset=\"https:\/\/vinculacionbib.udec.cl\/wp-content\/uploads\/2023\/10\/Diseno-sin-titulo-34.png 700w, https:\/\/vinculacionbib.udec.cl\/wp-content\/uploads\/2023\/10\/Diseno-sin-titulo-34-300x171.png 300w\" sizes=\"(max-width: 700px) 100vw, 700px\" \/><\/figure><\/div>\n\n\n<p><\/p>\n\n\n\n<div class=\"wp-block-columns is-layout-flex wp-container-core-columns-is-layout-1 wp-block-columns-is-layout-flex\">\n<div class=\"wp-block-column is-layout-flow wp-block-column-is-layout-flow\" style=\"flex-basis:100%\">\n<div class=\"wp-block-buttons is-horizontal is-content-justification-center is-layout-flex wp-container-core-buttons-is-layout-1 wp-block-buttons-is-layout-flex\">\n<div class=\"wp-block-button aligncenter\"><a class=\"wp-block-button__link has-vivid-cyan-blue-background-color has-background no-border-radius wp-element-button\" href=\"https:\/\/maps.app.goo.gl\/pbr1ZuU2YpTYtjao6\">MAPA <\/a><\/div>\n<\/div>\n<\/div>\n<\/div>\n\n\n\n<h2 class=\"wp-block-heading\">Restaurantes cercanos a la UCSC<\/h2>\n\n\n\n<ul>\n<li><a href=\"https:\/\/maps.app.goo.gl\/oxLehyKmS4AjKEks6\" target=\"_blank\" rel=\"noreferrer noopener\"><strong>Casino UCSC, <\/strong><\/a> ubicado en UCSC. <\/li>\n\n\n\n<li><a rel=\"noreferrer noopener\" href=\"https:\/\/www.google.com\/maps\/place\/Edifico+Monse%C3%B1or+Ricardo+Ezzati\/@-36.797837,-73.0582743,21z\/data=!4m6!3m5!1s0x9669b5948d5da67f:0xc656e4d153537fcd!8m2!3d-36.7977507!4d-73.0582227!16s%2Fg%2F11ghp1b11m?hl=es-419&amp;entry=ttu\" target=\"_blank\"><strong>Casino Edificio Central,<\/strong> <\/a> ubicado en Edificio Central, UCSC.<\/li>\n\n\n\n<li><strong><a href=\"https:\/\/www.google.com\/maps\/place\/Solo+carnes+y+Aquarium\/@-36.7929222,-73.0636036,19z\/data=!4m6!3m5!1s0x9669b50ac17eedb9:0x5c69e44355020eb6!8m2!3d-36.7935046!4d-73.0627105!16s%2Fg%2F11c59w8t76?hl=es-419&amp;entry=ttu\" data-type=\"link\" data-id=\"https:\/\/www.google.com\/maps\/place\/Solo+carnes+y+Aquarium\/@-36.7929222,-73.0636036,19z\/data=!4m6!3m5!1s0x9669b50ac17eedb9:0x5c69e44355020eb6!8m2!3d-36.7935046!4d-73.0627105!16s%2Fg%2F11c59w8t76?hl=es-419&amp;entry=ttu\">Restaurant Chileno Solo Carnes &amp; Aquarium<\/a><\/strong>, Av. Lomas de San Andr\u00e9s, N\u00b0 78, Concepci\u00f3n.<\/li>\n\n\n\n<li><strong><a rel=\"noreferrer noopener\" href=\"https:\/\/www.google.com\/maps\/place\/Bariloche\/@-36.7915991,-73.068489,20z\/data=!4m6!3m5!1s0x9669b57460b15caf:0x6a5e3ffc9cd5c01!8m2!3d-36.7915922!4d-73.0685908!16s%2Fg%2F11byck12m_?entry=ttu\" target=\"_blank\">Restaurant Bariloche<\/a>,<\/strong> Jorge Alessandri 3177, Talcahuano. Ubicado en Mall Plaza Tr\u00e9bol.<\/li>\n<\/ul>\n\n\n\n<hr class=\"wp-block-separator has-css-opacity\"\/>\n\n\n\n<div class=\"wp-block-buttons is-horizontal is-content-justification-center is-layout-flex wp-container-core-buttons-is-layout-2 wp-block-buttons-is-layout-flex\"><\/div>\n","protected":false},"excerpt":{"rendered":"<p>La primera jornada del seminario se realizar\u00e1 en la Biblioteca Central, Luis David Cruz Ocampo, de la Universidad de Concepci\u00f3n, ubicada en el barrio universitario. Restaurantes cercanos a la UdeC La segunda jornada del seminario se llevar\u00e1 a cabo en el Auditorio San Agust\u00edn de la Facultad de Ingenier\u00eda de la Universidad Cat\u00f3lica de la &hellip; <\/p>\n","protected":false},"author":2,"featured_media":0,"parent":0,"menu_order":0,"comment_status":"closed","ping_status":"closed","template":"","meta":{"footnotes":""},"_links":{"self":[{"href":"https:\/\/vinculacionbib.udec.cl\/index.php\/wp-json\/wp\/v2\/pages\/29"}],"collection":[{"href":"https:\/\/vinculacionbib.udec.cl\/index.php\/wp-json\/wp\/v2\/pages"}],"about":[{"href":"https:\/\/vinculacionbib.udec.cl\/index.php\/wp-json\/wp\/v2\/types\/page"}],"author":[{"embeddable":true,"href":"https:\/\/vinculacionbib.udec.cl\/index.php\/wp-json\/wp\/v2\/users\/2"}],"replies":[{"embeddable":true,"href":"https:\/\/vinculacionbib.udec.cl\/index.php\/wp-json\/wp\/v2\/comments?post=29"}],"version-history":[{"count":47,"href":"https:\/\/vinculacionbib.udec.cl\/index.php\/wp-json\/wp\/v2\/pages\/29\/revisions"}],"predecessor-version":[{"id":2700,"href":"https:\/\/vinculacionbib.udec.cl\/index.php\/wp-json\/wp\/v2\/pages\/29\/revisions\/2700"}],"wp:attachment":[{"href":"https:\/\/vinculacionbib.udec.cl\/index.php\/wp-json\/wp\/v2\/media?parent=29"}],"curies":[{"name":"wp","href":"https:\/\/api.w.org\/{rel}","templated":true}]}}